{"id":45,"date":"2022-02-09T21:04:59","date_gmt":"2022-02-09T21:04:59","guid":{"rendered":"http:\/\/internationalconsultingknowledge.com\/?page_id=45"},"modified":"2022-02-21T11:33:37","modified_gmt":"2022-02-21T11:33:37","slug":"contact-2","status":"publish","type":"page","link":"https:\/\/internationalconsultingknowledge.com\/index.php\/contact-2\/","title":{"rendered":"Contact"},"content":{"rendered":"\n<h2 class=\"has-text-align-center wp-block-heading\" id=\"informations-de-contact\">Informations de contact<\/h2>\n\n\n\n<p><\/p>\n\n\n\n<p><\/p>\n\n\n\n<div class=\"wp-block-columns is-layout-flex wp-container-core-columns-is-layout-9d6595d7 wp-block-columns-is-layout-flex\">\n<div class=\"wp-block-column is-layout-flow wp-block-column-is-layout-flow\">\n<h3 class=\"has-text-align-left wp-block-heading\" id=\"adresse\">        Adresse<\/h3>\n<\/div>\n\n\n\n<div class=\"wp-block-column is-layout-flow wp-block-column-is-layout-flow\">\n<h3 class=\"has-text-align-left wp-block-heading\" id=\"telephone\">T\u00e9l\u00e9phone<\/h3>\n<\/div>\n\n\n\n<div class=\"wp-block-column is-layout-flow wp-block-column-is-layout-flow\">\n<h3 class=\"has-text-align-left wp-block-heading\" id=\"adresse-e-mail\">Adresse e-mail<\/h3>\n<\/div>\n<\/div>\n\n\n\n<div class=\"wp-block-columns is-layout-flex wp-container-core-columns-is-layout-9d6595d7 wp-block-columns-is-layout-flex\">\n<div class=\"wp-block-column is-layout-flow wp-block-column-is-layout-flow\" style=\"flex-basis:100%\">\n<div class=\"wp-block-columns is-layout-flex wp-container-core-columns-is-layout-9d6595d7 wp-block-columns-is-layout-flex\">\n<div class=\"wp-block-column is-layout-flow wp-block-column-is-layout-flow\">\n<figure class=\"wp-block-image size-full is-resized\"><img loading=\"lazy\" decoding=\"async\" src=\"http:\/\/internationalconsultingknowledge.com\/wp-content\/uploads\/2022\/02\/images-3-1.png\" alt=\"\" class=\"wp-image-239\" width=\"151\" height=\"151\" srcset=\"https:\/\/internationalconsultingknowledge.com\/wp-content\/uploads\/2022\/02\/images-3-1.png 225w, https:\/\/internationalconsultingknowledge.com\/wp-content\/uploads\/2022\/02\/images-3-1-150x150.png 150w, https:\/\/internationalconsultingknowledge.com\/wp-content\/uploads\/2022\/02\/images-3-1-24x24.png 24w, https:\/\/internationalconsultingknowledge.com\/wp-content\/uploads\/2022\/02\/images-3-1-36x36.png 36w, https:\/\/internationalconsultingknowledge.com\/wp-content\/uploads\/2022\/02\/images-3-1-48x48.png 48w, https:\/\/internationalconsultingknowledge.com\/wp-content\/uploads\/2022\/02\/images-3-1-100x100.png 100w\" sizes=\"auto, (max-width: 151px) 100vw, 151px\" \/><\/figure>\n<\/div>\n\n\n\n<div class=\"wp-block-column is-vertically-aligned-center is-layout-flow wp-block-column-is-layout-flow\">\n<figure class=\"wp-block-image size-full is-resized\"><img loading=\"lazy\" decoding=\"async\" src=\"http:\/\/internationalconsultingknowledge.com\/wp-content\/uploads\/2022\/02\/icone-de-ligne-directe-telephone-en-cercle-128428651.jpg\" alt=\"\" class=\"wp-image-236\" width=\"126\" height=\"126\" srcset=\"https:\/\/internationalconsultingknowledge.com\/wp-content\/uploads\/2022\/02\/icone-de-ligne-directe-telephone-en-cercle-128428651.jpg 800w, https:\/\/internationalconsultingknowledge.com\/wp-content\/uploads\/2022\/02\/icone-de-ligne-directe-telephone-en-cercle-128428651-300x300.jpg 300w, https:\/\/internationalconsultingknowledge.com\/wp-content\/uploads\/2022\/02\/icone-de-ligne-directe-telephone-en-cercle-128428651-150x150.jpg 150w, https:\/\/internationalconsultingknowledge.com\/wp-content\/uploads\/2022\/02\/icone-de-ligne-directe-telephone-en-cercle-128428651-768x768.jpg 768w, https:\/\/internationalconsultingknowledge.com\/wp-content\/uploads\/2022\/02\/icone-de-ligne-directe-telephone-en-cercle-128428651-24x24.jpg 24w, https:\/\/internationalconsultingknowledge.com\/wp-content\/uploads\/2022\/02\/icone-de-ligne-directe-telephone-en-cercle-128428651-36x36.jpg 36w, https:\/\/internationalconsultingknowledge.com\/wp-content\/uploads\/2022\/02\/icone-de-ligne-directe-telephone-en-cercle-128428651-48x48.jpg 48w, https:\/\/internationalconsultingknowledge.com\/wp-content\/uploads\/2022\/02\/icone-de-ligne-directe-telephone-en-cercle-128428651-600x600.jpg 600w, https:\/\/internationalconsultingknowledge.com\/wp-content\/uploads\/2022\/02\/icone-de-ligne-directe-telephone-en-cercle-128428651-100x100.jpg 100w\" sizes=\"auto, (max-width: 126px) 100vw, 126px\" \/><\/figure>\n<\/div>\n\n\n\n<div class=\"wp-block-column is-layout-flow wp-block-column-is-layout-flow\">\n<figure class=\"wp-block-image size-full is-resized\"><img loading=\"lazy\" decoding=\"async\" src=\"http:\/\/internationalconsultingknowledge.com\/wp-content\/uploads\/2022\/02\/images-5.png\" alt=\"\" class=\"wp-image-237\" width=\"134\" height=\"134\" srcset=\"https:\/\/internationalconsultingknowledge.com\/wp-content\/uploads\/2022\/02\/images-5.png 225w, https:\/\/internationalconsultingknowledge.com\/wp-content\/uploads\/2022\/02\/images-5-150x150.png 150w, https:\/\/internationalconsultingknowledge.com\/wp-content\/uploads\/2022\/02\/images-5-24x24.png 24w, https:\/\/internationalconsultingknowledge.com\/wp-content\/uploads\/2022\/02\/images-5-36x36.png 36w, https:\/\/internationalconsultingknowledge.com\/wp-content\/uploads\/2022\/02\/images-5-48x48.png 48w, https:\/\/internationalconsultingknowledge.com\/wp-content\/uploads\/2022\/02\/images-5-100x100.png 100w\" sizes=\"auto, (max-width: 134px) 100vw, 134px\" \/><\/figure>\n<\/div>\n<\/div>\n<\/div>\n<\/div>\n\n\n\n<div class=\"wp-block-columns is-layout-flex wp-container-core-columns-is-layout-9d6595d7 wp-block-columns-is-layout-flex\">\n<div class=\"wp-block-column is-layout-flow wp-block-column-is-layout-flow\">\n<p class=\"has-text-align-center\"><strong>Immeuble Tasnim,Bur 1, 2 Av. H\u00e9di Nouira, Ariana 2037,Tunisie<\/strong><\/p>\n<\/div>\n\n\n\n<div class=\"wp-block-column is-layout-flow wp-block-column-is-layout-flow\">\n<p class=\"has-text-align-left\"><strong>Tunisie :+216 99145970<\/strong><\/p>\n<\/div>\n\n\n\n<div class=\"wp-block-column is-layout-flow wp-block-column-is-layout-flow\">\n<p><strong>internationalconsulting<\/strong><\/p>\n\n\n\n<p><strong>knowled@gmail.com<\/strong><\/p>\n<\/div>\n<\/div>\n\n\n\n<h1 class=\"has-text-align-center wp-block-heading\" id=\"contactez-nous\">Contactez nous<\/h1>\n\n\n\n<h2 class=\"has-text-align-center wp-block-heading\" id=\"deposez-votre-message\">D\u00e9posez Votre Message<\/h2>\n\n\n\n<div class=\"wp-block-columns is-layout-flex wp-container-core-columns-is-layout-9d6595d7 wp-block-columns-is-layout-flex\">\n<div class=\"wp-block-column is-layout-flow wp-block-column-is-layout-flow\">\n<div class=\"wp-block-contact-form-7-contact-form-selector\"><div role=\"form\" class=\"wpcf7\" id=\"wpcf7-f30-o1\" lang=\"en-GB\" dir=\"ltr\">\n<div class=\"screen-reader-response\"><p role=\"status\" aria-live=\"polite\" aria-atomic=\"true\"><\/p> <ul><\/ul><\/div>\n<form action=\"\/index.php\/wp-json\/wp\/v2\/pages\/45#wpcf7-f30-o1\" method=\"post\" class=\"wpcf7-form init\" novalidate=\"novalidate\" data-status=\"init\">\n<div style=\"display: none;\">\n<input type=\"hidden\" name=\"_wpcf7\" value=\"30\" \/>\n<input type=\"hidden\" name=\"_wpcf7_version\" value=\"5.5.4\" \/>\n<input type=\"hidden\" name=\"_wpcf7_locale\" value=\"en_GB\" \/>\n<input type=\"hidden\" name=\"_wpcf7_unit_tag\" value=\"wpcf7-f30-o1\" \/>\n<input type=\"hidden\" name=\"_wpcf7_container_post\" value=\"0\" \/>\n<input type=\"hidden\" name=\"_wpcf7_posted_data_hash\" value=\"\" \/>\n<\/div>\n<p><label> Your name<br \/>\n    <span class=\"wpcf7-form-control-wrap your-name\"><input type=\"text\" name=\"your-name\" value=\"\" size=\"40\" class=\"wpcf7-form-control wpcf7-text wpcf7-validates-as-required\" aria-required=\"true\" aria-invalid=\"false\" \/><\/span> <\/label><\/p>\n<p><label> Your email<br \/>\n    <span class=\"wpcf7-form-control-wrap your-email\"><input type=\"email\" name=\"your-email\" value=\"\" size=\"40\" class=\"wpcf7-form-control wpcf7-text wpcf7-email wpcf7-validates-as-required wpcf7-validates-as-email\" aria-required=\"true\" aria-invalid=\"false\" \/><\/span> <\/label><\/p>\n<p><label> Subject<br \/>\n    <span class=\"wpcf7-form-control-wrap your-subject\"><input type=\"text\" name=\"your-subject\" value=\"\" size=\"40\" class=\"wpcf7-form-control wpcf7-text wpcf7-validates-as-required\" aria-required=\"true\" aria-invalid=\"false\" \/><\/span> <\/label><\/p>\n<p><label> Your message (optional)<br \/>\n    <span class=\"wpcf7-form-control-wrap your-message\"><textarea name=\"your-message\" cols=\"40\" rows=\"10\" class=\"wpcf7-form-control wpcf7-textarea\" aria-invalid=\"false\"><\/textarea><\/span> <\/label><\/p>\n<p><input type=\"submit\" value=\"Submit\" class=\"wpcf7-form-control has-spinner wpcf7-submit\" \/><\/p>\n<div class=\"wpcf7-response-output\" aria-hidden=\"true\"><\/div><\/form><\/div><\/div>\n<\/div>\n\n\n\n<div class=\"wp-block-column is-layout-flow wp-block-column-is-layout-flow\">\n<iframe src=\"https:\/\/www.google.com\/maps\/embed?pb=!1m14!1m8!1m3!1d18057.19095552851!2d10.165923677162082!3d36.86425151236646!3m2!1i1024!2i768!4f13.1!3m3!1m2!1s0x0%3A0x4be598cbaa445549!2sInternational%20Consulting%20Knowledge!5e0!3m2!1sfr!2stn!4v1645379249653!5m2!1sfr!2stn\" width=\"600\" height=\"450\" style=\"border:0;\" allowfullscreen=\"\" loading=\"lazy\"><\/iframe>\n<\/div>\n<\/div>\n\n\n\n<div class=\"wp-block-columns is-layout-flex wp-container-core-columns-is-layout-9d6595d7 wp-block-columns-is-layout-flex\">\n<div class=\"wp-block-column is-vertically-aligned-bottom is-layout-flow wp-block-column-is-layout-flow\">\n<div class=\"wp-block-columns is-layout-flex wp-container-core-columns-is-layout-9d6595d7 wp-block-columns-is-layout-flex\">\n<div class=\"wp-block-column is-layout-flow wp-block-column-is-layout-flow\"><\/div>\n<\/div>\n<\/div>\n<\/div>\n\n\n\n<div class=\"wp-block-columns is-layout-flex wp-container-core-columns-is-layout-9d6595d7 wp-block-columns-is-layout-flex\">\n<div class=\"wp-block-column is-layout-flow wp-block-column-is-layout-flow\"><\/div>\n<\/div>\n\n\n\n<p><\/p>\n","protected":false},"excerpt":{"rendered":"<p>Informations de contact Adresse T\u00e9l\u00e9phone Adresse e-mail Immeuble Tasnim,Bur 1, 2 Av. H\u00e9di Nouira, Ariana 2037,Tunisie Tunisie :+216 99145970 internationalconsulting knowled@gmail.com Contactez nous D\u00e9posez Votre Message<\/p>\n","protected":false},"author":1,"featured_media":0,"parent":0,"menu_order":0,"comment_status":"closed","ping_status":"closed","template":"template\/template-page-full-width.php","meta":{"footnotes":""},"class_list":["post-45","page","type-page","status-publish","hentry"],"_links":{"self":[{"href":"https:\/\/internationalconsultingknowledge.com\/index.php\/wp-json\/wp\/v2\/pages\/45","targetHints":{"allow":["GET"]}}],"collection":[{"href":"https:\/\/internationalconsultingknowledge.com\/index.php\/wp-json\/wp\/v2\/pages"}],"about":[{"href":"https:\/\/internationalconsultingknowledge.com\/index.php\/wp-json\/wp\/v2\/types\/page"}],"author":[{"embeddable":true,"href":"https:\/\/internationalconsultingknowledge.com\/index.php\/wp-json\/wp\/v2\/users\/1"}],"replies":[{"embeddable":true,"href":"https:\/\/internationalconsultingknowledge.com\/index.php\/wp-json\/wp\/v2\/comments?post=45"}],"version-history":[{"count":33,"href":"https:\/\/internationalconsultingknowledge.com\/index.php\/wp-json\/wp\/v2\/pages\/45\/revisions"}],"predecessor-version":[{"id":320,"href":"https:\/\/internationalconsultingknowledge.com\/index.php\/wp-json\/wp\/v2\/pages\/45\/revisions\/320"}],"wp:attachment":[{"href":"https:\/\/internationalconsultingknowledge.com\/index.php\/wp-json\/wp\/v2\/media?parent=45"}],"curies":[{"name":"wp","href":"https:\/\/api.w.org\/{rel}","templated":true}]}}