{"id":43,"date":"2022-02-09T21:04:59","date_gmt":"2022-02-09T21:04:59","guid":{"rendered":"http:\/\/internationalconsultingknowledge.com\/?page_id=43"},"modified":"2022-02-21T20:01:45","modified_gmt":"2022-02-21T20:01:45","slug":"investir-en-tunisie","status":"publish","type":"page","link":"https:\/\/internationalconsultingknowledge.com\/index.php\/investir-en-tunisie\/","title":{"rendered":"Investir en Tunisie"},"content":{"rendered":"\n<h2 class=\"wp-block-heading\" id=\"doing-business\">Doing Business<\/h2>\n\n\n\n<div class=\"wp-block-columns is-layout-flex wp-container-core-columns-is-layout-9d6595d7 wp-block-columns-is-layout-flex\">\n<div class=\"wp-block-column is-layout-flow wp-block-column-is-layout-flow\">\n<p><strong>La Tunisie<\/strong> fait figure de pays exemplaire dans le bassin m\u00e9diterran\u00e9en et le monde arabe et africain.C&#8217;est aussi un pays qui concilie \u00e0 merveille la tradition et la modernit\u00e9.Enfin, c&#8217;est un pays \u00e0 la fois d\u00e9concertant par son charme ind\u00e9finissable et si proche de l&#8217;Europe.<\/p>\n\n\n\n<p><strong>Investir en Tunisie<\/strong>,c&#8217;est b\u00e9n\u00e9ficier de plusieurs avantages :<\/p>\n\n\n\n<ul class=\"wp-block-list\"><li>Un<strong> pays convivial<\/strong>,dynamique et ouvert ;<\/li><li>Une <strong>libert\u00e9 d&#8217;investir <\/strong>dans de nombreux secteurs ;<\/li><li>Une <strong>l\u00e9gislation claire <\/strong>et tr\u00e8s favorable \u00e0 l&#8217;investissement ;<\/li><li>Un <strong>guichet unique<\/strong> pour simplifier toutes les proc\u00e9dures administratives ;<\/li><li>De nombreux <strong>avantages <\/strong>pour plusieurs secteurs d&#8217;activit\u00e9s ;<\/li><li>Un <strong>personnel comp\u00e9tent<\/strong> avec une aptitude \u00e0 ma\u00eetriser rapidement les nouvelles technologies ;<\/li><li>Une v\u00e9ritable <strong>protection juridique <\/strong>de l&#8217;investisseur ;<\/li><li>Une <strong>infrastructure<\/strong> fonctionnelle sans cesse en am\u00e9lioration.<\/li><\/ul>\n<\/div>\n\n\n\n<div class=\"wp-block-column is-layout-flow wp-block-column-is-layout-flow\">\n<figure class=\"wp-block-embed is-type-video is-provider-youtube wp-block-embed-youtube wp-embed-aspect-16-9 wp-has-aspect-ratio\"><div class=\"wp-block-embed__wrapper\">\n<iframe loading=\"lazy\" title=\"&quot;INVEST IN TUNISIA&quot; : NOUVEAU FILM PROMOTIONNEL DE FIPA-TUNISIA\" width=\"696\" height=\"392\" src=\"https:\/\/www.youtube.com\/embed\/plz82w9ZMvo?feature=oembed\" frameborder=\"0\" allow=\"accelerometer; autoplay; clipboard-write; encrypted-media; gyroscope; picture-in-picture\" allowfullscreen><\/iframe>\n<\/div><\/figure>\n<\/div>\n<\/div>\n","protected":false},"excerpt":{"rendered":"<p>Doing Business La Tunisie fait figure de pays exemplaire dans le bassin m\u00e9diterran\u00e9en et le monde arabe et africain.C&#8217;est aussi un pays qui concilie \u00e0 merveille la tradition et la modernit\u00e9.Enfin, c&#8217;est un pays \u00e0 la fois d\u00e9concertant par son charme ind\u00e9finissable et si proche de l&#8217;Europe. Investir en Tunisie,c&#8217;est b\u00e9n\u00e9ficier de plusieurs avantages :<\/p>\n<p><a href=\"https:\/\/internationalconsultingknowledge.com\/index.php\/investir-en-tunisie\/\" class=\"more-link\">Read More<\/a><\/p>\n","protected":false},"author":1,"featured_media":0,"parent":0,"menu_order":0,"comment_status":"closed","ping_status":"closed","template":"template\/template-page-full-width.php","meta":{"footnotes":""},"class_list":["post-43","page","type-page","status-publish","hentry"],"_links":{"self":[{"href":"https:\/\/internationalconsultingknowledge.com\/index.php\/wp-json\/wp\/v2\/pages\/43","targetHints":{"allow":["GET"]}}],"collection":[{"href":"https:\/\/internationalconsultingknowledge.com\/index.php\/wp-json\/wp\/v2\/pages"}],"about":[{"href":"https:\/\/internationalconsultingknowledge.com\/index.php\/wp-json\/wp\/v2\/types\/page"}],"author":[{"embeddable":true,"href":"https:\/\/internationalconsultingknowledge.com\/index.php\/wp-json\/wp\/v2\/users\/1"}],"replies":[{"embeddable":true,"href":"https:\/\/internationalconsultingknowledge.com\/index.php\/wp-json\/wp\/v2\/comments?post=43"}],"version-history":[{"count":3,"href":"https:\/\/internationalconsultingknowledge.com\/index.php\/wp-json\/wp\/v2\/pages\/43\/revisions"}],"predecessor-version":[{"id":322,"href":"https:\/\/internationalconsultingknowledge.com\/index.php\/wp-json\/wp\/v2\/pages\/43\/revisions\/322"}],"wp:attachment":[{"href":"https:\/\/internationalconsultingknowledge.com\/index.php\/wp-json\/wp\/v2\/media?parent=43"}],"curies":[{"name":"wp","href":"https:\/\/api.w.org\/{rel}","templated":true}]}}