{"id":42,"date":"2022-02-09T21:04:59","date_gmt":"2022-02-09T21:04:59","guid":{"rendered":"http:\/\/internationalconsultingknowledge.com\/?page_id=42"},"modified":"2022-02-16T10:51:55","modified_gmt":"2022-02-16T10:51:55","slug":"nos-services","status":"publish","type":"page","link":"https:\/\/internationalconsultingknowledge.com\/index.php\/nos-services\/","title":{"rendered":"Nos services"},"content":{"rendered":"\n<div class=\"wp-block-columns is-layout-flex wp-container-core-columns-is-layout-9d6595d7 wp-block-columns-is-layout-flex\">\n<div class=\"wp-block-column is-layout-flow wp-block-column-is-layout-flow\">\n<div class=\"wp-block-buttons is-layout-flex wp-block-buttons-is-layout-flex\">\n<div class=\"wp-block-button aligncenter\"><a class=\"wp-block-button__link\">Conseil Gestion<\/a><\/div>\n<\/div>\n<\/div>\n\n\n\n<div class=\"wp-block-column is-layout-flow wp-block-column-is-layout-flow\">\n<div class=\"wp-block-buttons is-layout-flex wp-block-buttons-is-layout-flex\">\n<div class=\"wp-block-button aligncenter\"><a class=\"wp-block-button__link\">EXPERTISE COMPTABLE<\/a><\/div>\n<\/div>\n<\/div>\n\n\n\n<div class=\"wp-block-column is-layout-flow wp-block-column-is-layout-flow\">\n<div class=\"wp-block-buttons is-layout-flex wp-block-buttons-is-layout-flex\">\n<div class=\"wp-block-button aligncenter\"><a class=\"wp-block-button__link\">CREATION<\/a><\/div>\n<\/div>\n<\/div>\n<\/div>\n\n\n\n<div class=\"wp-block-columns is-layout-flex wp-container-core-columns-is-layout-9d6595d7 wp-block-columns-is-layout-flex\">\n<div class=\"wp-block-column is-layout-flow wp-block-column-is-layout-flow\">\n<p class=\"has-text-align-center\">G\u00e9rer son entreprise ,c&#8217;est conna\u00eetre le pr\u00e9sent et anticiper l&#8217;avenir .<\/p>\n\n\n\n<p class=\"has-text-align-center\">Un bon pilotage pour une bonne d\u00e9cision.<\/p>\n<\/div>\n\n\n\n<div class=\"wp-block-column is-layout-flow wp-block-column-is-layout-flow\">\n<p class=\"has-text-align-center\">Nos solutions pour faire face \u00e0 toutes vos obligations l\u00e9gales afin que vous puissiez vous consacrer \u00e0 votre activit\u00e9<\/p>\n<\/div>\n\n\n\n<div class=\"wp-block-column is-layout-flow wp-block-column-is-layout-flow\">\n<p class=\"has-text-align-center\">La cr\u00e9ation de votre entreprise est l&#8217;\u00e9closion de votre projet professionnel.<\/p>\n\n\n\n<p class=\"has-text-align-center\">Soyez bien n\u00e9, ne restez plus seul <\/p>\n<\/div>\n<\/div>\n\n\n\n<div class=\"wp-block-columns is-layout-flex wp-container-core-columns-is-layout-9d6595d7 wp-block-columns-is-layout-flex\">\n<div class=\"wp-block-column is-layout-flow wp-block-column-is-layout-flow\">\n<div class=\"wp-block-cover\" style=\"min-height:170px;aspect-ratio:unset;\"><span aria-hidden=\"true\" class=\"wp-block-cover__gradient-background has-background-dim\"><\/span><img loading=\"lazy\" decoding=\"async\" width=\"249\" height=\"202\" class=\"wp-block-cover__image-background wp-image-140\" alt=\"\" src=\"http:\/\/internationalconsultingknowledge.com\/wp-content\/uploads\/2022\/02\/images-11.jpg\" data-object-fit=\"cover\" srcset=\"https:\/\/internationalconsultingknowledge.com\/wp-content\/uploads\/2022\/02\/images-11.jpg 249w, https:\/\/internationalconsultingknowledge.com\/wp-content\/uploads\/2022\/02\/images-11-24x19.jpg 24w, https:\/\/internationalconsultingknowledge.com\/wp-content\/uploads\/2022\/02\/images-11-36x29.jpg 36w, https:\/\/internationalconsultingknowledge.com\/wp-content\/uploads\/2022\/02\/images-11-48x39.jpg 48w\" sizes=\"auto, (max-width: 249px) 100vw, 249px\" \/><div class=\"wp-block-cover__inner-container is-layout-flow wp-block-cover-is-layout-flow\">\n<p class=\"has-text-align-center has-large-font-size\"><\/p>\n<\/div><\/div>\n<\/div>\n\n\n\n<div class=\"wp-block-column is-layout-flow wp-block-column-is-layout-flow\">\n<div class=\"wp-block-cover is-light\" style=\"min-height:170px;aspect-ratio:unset;\"><span aria-hidden=\"true\" class=\"wp-block-cover__gradient-background has-background-dim\"><\/span><img loading=\"lazy\" decoding=\"async\" width=\"940\" height=\"463\" class=\"wp-block-cover__image-background wp-image-139\" alt=\"\" src=\"http:\/\/internationalconsultingknowledge.com\/wp-content\/uploads\/2022\/02\/collaborateurs-comptables-4.jpg\" data-object-fit=\"cover\" srcset=\"https:\/\/internationalconsultingknowledge.com\/wp-content\/uploads\/2022\/02\/collaborateurs-comptables-4.jpg 940w, https:\/\/internationalconsultingknowledge.com\/wp-content\/uploads\/2022\/02\/collaborateurs-comptables-4-300x148.jpg 300w, https:\/\/internationalconsultingknowledge.com\/wp-content\/uploads\/2022\/02\/collaborateurs-comptables-4-768x378.jpg 768w, https:\/\/internationalconsultingknowledge.com\/wp-content\/uploads\/2022\/02\/collaborateurs-comptables-4-24x12.jpg 24w, https:\/\/internationalconsultingknowledge.com\/wp-content\/uploads\/2022\/02\/collaborateurs-comptables-4-36x18.jpg 36w, https:\/\/internationalconsultingknowledge.com\/wp-content\/uploads\/2022\/02\/collaborateurs-comptables-4-48x24.jpg 48w, https:\/\/internationalconsultingknowledge.com\/wp-content\/uploads\/2022\/02\/collaborateurs-comptables-4-600x296.jpg 600w\" sizes=\"auto, (max-width: 940px) 100vw, 940px\" \/><div class=\"wp-block-cover__inner-container is-layout-flow wp-block-cover-is-layout-flow\">\n<p class=\"has-text-align-center has-large-font-size\"><\/p>\n<\/div><\/div>\n<\/div>\n\n\n\n<div class=\"wp-block-column is-layout-flow wp-block-column-is-layout-flow\">\n<div class=\"wp-block-cover is-light\" style=\"min-height:173px;aspect-ratio:unset;\"><span aria-hidden=\"true\" class=\"wp-block-cover__gradient-background has-background-dim\"><\/span><img loading=\"lazy\" decoding=\"async\" width=\"275\" height=\"183\" class=\"wp-block-cover__image-background wp-image-144\" alt=\"\" src=\"http:\/\/internationalconsultingknowledge.com\/wp-content\/uploads\/2022\/02\/images-9-1.jpg\" data-object-fit=\"cover\" srcset=\"https:\/\/internationalconsultingknowledge.com\/wp-content\/uploads\/2022\/02\/images-9-1.jpg 275w, https:\/\/internationalconsultingknowledge.com\/wp-content\/uploads\/2022\/02\/images-9-1-24x16.jpg 24w, https:\/\/internationalconsultingknowledge.com\/wp-content\/uploads\/2022\/02\/images-9-1-36x24.jpg 36w, https:\/\/internationalconsultingknowledge.com\/wp-content\/uploads\/2022\/02\/images-9-1-48x32.jpg 48w\" sizes=\"auto, (max-width: 275px) 100vw, 275px\" \/><div class=\"wp-block-cover__inner-container is-layout-flow wp-block-cover-is-layout-flow\">\n<p class=\"has-text-align-center has-large-font-size\"><\/p>\n<\/div><\/div>\n<\/div>\n<\/div>\n\n\n\n<div class=\"wp-block-columns is-layout-flex wp-container-core-columns-is-layout-9d6595d7 wp-block-columns-is-layout-flex\">\n<div class=\"wp-block-column is-layout-flow wp-block-column-is-layout-flow\">\n<div class=\"wp-block-buttons is-content-justification-center is-layout-flex wp-container-core-buttons-is-layout-16018d1d wp-block-buttons-is-layout-flex\">\n<div class=\"wp-block-button\"><a class=\"wp-block-button__link\" href=\"\" target=\"_blank\" rel=\"noreferrer noopener\">JURIDIQUE &amp; FISCAL<\/a><\/div>\n<\/div>\n<\/div>\n\n\n\n<div class=\"wp-block-column is-layout-flow wp-block-column-is-layout-flow\">\n<div class=\"wp-block-buttons is-layout-flex wp-block-buttons-is-layout-flex\">\n<div class=\"wp-block-button aligncenter\"><a class=\"wp-block-button__link\">RH &amp; SOCIAL<\/a><\/div>\n<\/div>\n<\/div>\n\n\n\n<div class=\"wp-block-column is-layout-flow wp-block-column-is-layout-flow\">\n<div class=\"wp-block-buttons is-layout-flex wp-block-buttons-is-layout-flex\">\n<div class=\"wp-block-button\"><a class=\"wp-block-button__link\">FORMATION CONSULTING<\/a><\/div>\n<\/div>\n<\/div>\n<\/div>\n\n\n\n<div class=\"wp-block-columns is-layout-flex wp-container-core-columns-is-layout-9d6595d7 wp-block-columns-is-layout-flex\">\n<div class=\"wp-block-column is-layout-flow wp-block-column-is-layout-flow\">\n<p class=\"has-text-align-center\">Une approche bas\u00e9e sur l&#8217;analyse transversale de la situation fiscale personnelle et professionnelle du dirigeant.<\/p>\n<\/div>\n\n\n\n<div class=\"wp-block-column is-layout-flow wp-block-column-is-layout-flow\">\n<p class=\"has-text-align-center\">Gestion globale des obligations du dirigeant pour ses salari\u00e9s.<\/p>\n\n\n\n<p class=\"has-text-align-center\">Un sujet \u00e0 risque \u00e0 ne pas d\u00e9laisser.<\/p>\n<\/div>\n\n\n\n<div class=\"wp-block-column is-layout-flow wp-block-column-is-layout-flow\">\n<p class=\"has-text-align-center\">Au del\u00e0 des obligations comptables et de la finance,nous accompagnons le dirigeant dans la gestion de son entreprise.<\/p>\n<\/div>\n<\/div>\n\n\n\n<div class=\"wp-block-columns is-layout-flex wp-container-core-columns-is-layout-9d6595d7 wp-block-columns-is-layout-flex\">\n<div class=\"wp-block-column is-layout-flow wp-block-column-is-layout-flow\">\n<div class=\"wp-block-cover is-light\" style=\"min-height:195px;aspect-ratio:unset;\"><span aria-hidden=\"true\" class=\"wp-block-cover__gradient-background has-background-dim\"><\/span><img loading=\"lazy\" decoding=\"async\" width=\"275\" height=\"183\" class=\"wp-block-cover__image-background wp-image-145\" alt=\"\" src=\"http:\/\/internationalconsultingknowledge.com\/wp-content\/uploads\/2022\/02\/images-5-2.jpg\" data-object-fit=\"cover\" srcset=\"https:\/\/internationalconsultingknowledge.com\/wp-content\/uploads\/2022\/02\/images-5-2.jpg 275w, https:\/\/internationalconsultingknowledge.com\/wp-content\/uploads\/2022\/02\/images-5-2-24x16.jpg 24w, https:\/\/internationalconsultingknowledge.com\/wp-content\/uploads\/2022\/02\/images-5-2-36x24.jpg 36w, https:\/\/internationalconsultingknowledge.com\/wp-content\/uploads\/2022\/02\/images-5-2-48x32.jpg 48w\" sizes=\"auto, (max-width: 275px) 100vw, 275px\" \/><div class=\"wp-block-cover__inner-container is-layout-flow wp-block-cover-is-layout-flow\">\n<p class=\"has-text-align-center has-large-font-size\"><\/p>\n<\/div><\/div>\n<\/div>\n\n\n\n<div class=\"wp-block-column is-layout-flow wp-block-column-is-layout-flow\">\n<div class=\"wp-block-cover is-light\" style=\"min-height:193px;aspect-ratio:unset;\"><span aria-hidden=\"true\" class=\"wp-block-cover__gradient-background has-background-dim\"><\/span><img loading=\"lazy\" decoding=\"async\" width=\"203\" height=\"248\" class=\"wp-block-cover__image-background wp-image-132\" alt=\"\" src=\"http:\/\/internationalconsultingknowledge.com\/wp-content\/uploads\/2022\/02\/images-6.jpg\" data-object-fit=\"cover\" srcset=\"https:\/\/internationalconsultingknowledge.com\/wp-content\/uploads\/2022\/02\/images-6.jpg 203w, https:\/\/internationalconsultingknowledge.com\/wp-content\/uploads\/2022\/02\/images-6-20x24.jpg 20w, https:\/\/internationalconsultingknowledge.com\/wp-content\/uploads\/2022\/02\/images-6-29x36.jpg 29w, https:\/\/internationalconsultingknowledge.com\/wp-content\/uploads\/2022\/02\/images-6-39x48.jpg 39w\" sizes=\"auto, (max-width: 203px) 100vw, 203px\" \/><div class=\"wp-block-cover__inner-container is-layout-flow wp-block-cover-is-layout-flow\">\n<p class=\"has-text-align-center has-large-font-size\"><\/p>\n<\/div><\/div>\n<\/div>\n\n\n\n<div class=\"wp-block-column is-layout-flow wp-block-column-is-layout-flow\">\n<div class=\"wp-block-cover is-light\" style=\"min-height:205px;aspect-ratio:unset;\"><span aria-hidden=\"true\" class=\"wp-block-cover__gradient-background has-background-dim\"><\/span><img loading=\"lazy\" decoding=\"async\" width=\"275\" height=\"183\" class=\"wp-block-cover__image-background wp-image-133\" alt=\"\" src=\"http:\/\/internationalconsultingknowledge.com\/wp-content\/uploads\/2022\/02\/images-7.jpg\" data-object-fit=\"cover\" srcset=\"https:\/\/internationalconsultingknowledge.com\/wp-content\/uploads\/2022\/02\/images-7.jpg 275w, https:\/\/internationalconsultingknowledge.com\/wp-content\/uploads\/2022\/02\/images-7-24x16.jpg 24w, https:\/\/internationalconsultingknowledge.com\/wp-content\/uploads\/2022\/02\/images-7-36x24.jpg 36w, https:\/\/internationalconsultingknowledge.com\/wp-content\/uploads\/2022\/02\/images-7-48x32.jpg 48w\" sizes=\"auto, (max-width: 275px) 100vw, 275px\" \/><div class=\"wp-block-cover__inner-container is-layout-flow wp-block-cover-is-layout-flow\">\n<p class=\"has-text-align-center has-large-font-size\"><\/p>\n<\/div><\/div>\n<\/div>\n<\/div>\n","protected":false},"excerpt":{"rendered":"<p>G\u00e9rer son entreprise ,c&#8217;est conna\u00eetre le pr\u00e9sent et anticiper l&#8217;avenir . Un bon pilotage pour une bonne d\u00e9cision. Nos solutions pour faire face \u00e0 toutes vos obligations l\u00e9gales afin que vous puissiez vous consacrer \u00e0 votre activit\u00e9 La cr\u00e9ation de votre entreprise est l&#8217;\u00e9closion de votre projet professionnel. Soyez bien n\u00e9, ne restez plus seul<\/p>\n<p><a href=\"https:\/\/internationalconsultingknowledge.com\/index.php\/nos-services\/\" class=\"more-link\">Read More<\/a><\/p>\n","protected":false},"author":1,"featured_media":0,"parent":0,"menu_order":0,"comment_status":"closed","ping_status":"closed","template":"template\/template-page-full-width.php","meta":{"footnotes":""},"class_list":["post-42","page","type-page","status-publish","hentry"],"_links":{"self":[{"href":"https:\/\/internationalconsultingknowledge.com\/index.php\/wp-json\/wp\/v2\/pages\/42","targetHints":{"allow":["GET"]}}],"collection":[{"href":"https:\/\/internationalconsultingknowledge.com\/index.php\/wp-json\/wp\/v2\/pages"}],"about":[{"href":"https:\/\/internationalconsultingknowledge.com\/index.php\/wp-json\/wp\/v2\/types\/page"}],"author":[{"embeddable":true,"href":"https:\/\/internationalconsultingknowledge.com\/index.php\/wp-json\/wp\/v2\/users\/1"}],"replies":[{"embeddable":true,"href":"https:\/\/internationalconsultingknowledge.com\/index.php\/wp-json\/wp\/v2\/comments?post=42"}],"version-history":[{"count":5,"href":"https:\/\/internationalconsultingknowledge.com\/index.php\/wp-json\/wp\/v2\/pages\/42\/revisions"}],"predecessor-version":[{"id":150,"href":"https:\/\/internationalconsultingknowledge.com\/index.php\/wp-json\/wp\/v2\/pages\/42\/revisions\/150"}],"wp:attachment":[{"href":"https:\/\/internationalconsultingknowledge.com\/index.php\/wp-json\/wp\/v2\/media?parent=42"}],"curies":[{"name":"wp","href":"https:\/\/api.w.org\/{rel}","templated":true}]}}