{"id":41,"date":"2022-02-09T21:04:59","date_gmt":"2022-02-09T21:04:59","guid":{"rendered":"http:\/\/internationalconsultingknowledge.com\/?page_id=41"},"modified":"2022-02-21T09:28:45","modified_gmt":"2022-02-21T09:28:45","slug":"qui-sommes-nous","status":"publish","type":"page","link":"https:\/\/internationalconsultingknowledge.com\/index.php\/qui-sommes-nous\/","title":{"rendered":"Pr\u00e9sentation"},"content":{"rendered":"\n<h2 class=\"wp-block-heading\" id=\"pourquoi-choisir-cabinet-international-consulting-knowledge\">Pourquoi choisir Cabinet International Consulting Knowledge ?<\/h2>\n\n\n\n<ol class=\"wp-block-list\"><li>Le <strong>cabinet International Consulting Knowledge <\/strong>est un cabinet <strong>d&#8217;Expertise Comptable<\/strong> ,membre de l&#8217;Ordre des Experts Comptables de Tunisie.Il est g\u00e9r\u00e9 par<strong> M.Ghazi ELLOUZ<\/strong> <strong>Expert Comptable<\/strong>.<\/li><li>Notre cabinet d&#8217;expertise comptable est focalis\u00e9 sur ses clients et il est reconnu \u00e0 l&#8217;\u00e9chelle nationale pour la qualit\u00e9 des prestations fournies en d\u00e9veloppant une strat\u00e9gie de diff\u00e9renciation par la qualit\u00e9.<\/li><li>Notre cabinet est capable d&#8217;apporter un savoir faire,totalement sur mesure et en parfaite ad\u00e9quation avec votre culture,vos objectifs et vos contraintes.<\/li><li>Notre cabinet travaille selon des normes strictes de qualit\u00e9 et du respect de secret professionnel.<\/li><li>Nous avons mis \u00e0 votre disposition un professionnel exp\u00e9riment\u00e9, disposant d&#8217;un capital savoir appr\u00e9ciable et reconnue \u00e0 l&#8217;\u00e9chelle nationale en mati\u00e8re de <strong>Commissariat aux Comptes<\/strong>.En outre, les membres de l&#8217;\u00e9quipe intervenante ont acquis \u00e0 travers les diff\u00e9rentes missions men\u00e9es une exp\u00e9rience appr\u00e9ciable en la mati\u00e8re.<\/li><li>Les membres de l&#8217;\u00e9quipe intervenante poss\u00e8dent une solide exp\u00e9rience du terrain.En outre,ils se distinguent par leurs int\u00e9grit\u00e9,la recherche de l&#8217;excellence dans la qualit\u00e9 et la pertinence et la cr\u00e9dibilit\u00e9 du travail fourni.<\/li><li><strong>M.Ghazi ELLOUZ<\/strong> ,<strong>g\u00e9rant de la soci\u00e9t\u00e9<\/strong> <strong>International Consulting Knowledge<\/strong> et le chef d&#8217;\u00e9quipe dans cette mission ,est un <strong>Expert Comptable<\/strong> ,Membre de l&#8217;Ordre des Experts Comptables de Tunisie depuis l&#8217;ann\u00e9e 2009.Il a 20 d&#8217;exp\u00e9rience en <strong>Audit<\/strong>, <strong>Commissariat<\/strong> <strong>aux Comptes<\/strong> <strong>et Conseil.<\/strong><\/li><li>Il a effectu\u00e9 des missions d&#8217;audit , pour des soci\u00e9t\u00e9s tr\u00e8s connues en Tunisie \u00e0 savoir :<strong>Banque de Tunisie<\/strong>,<strong>Best Bank<\/strong>,<strong>Lear Corporation<\/strong>,<strong>Taha pharma des produits pharmaceutiques<\/strong>,<strong>Dar Alanwar<\/strong>,<strong>Esprit, <\/strong>etc.<\/li><li>Il a effectu\u00e9 des missions de <strong>Conseil<\/strong> <strong>et d&#8217;assistance comptables et fiscales<\/strong> pour des soci\u00e9t\u00e9s de renomm\u00e9e tels qu&#8217; <strong>Amadeus Tunisie<\/strong> ,<strong>HP GTDC<\/strong>, <strong>HP Maghreb<\/strong>.<\/li><li>Il est enseignant universitaire \u00e0 l&#8217;Institut Sup\u00e9rieur de Comptabilit\u00e9 et d&#8217;Administration des entreprises depuis l&#8217;ann\u00e9e 2005.Il donne des cours de comptabilit\u00e9 approfondie et de comptabilit\u00e9 sectorielle.<\/li><li>Notre cabinet disposant d&#8217;une structure compos\u00e9e de collaborateurs b\u00e9n\u00e9ficiant d&#8217;une formation pluridisciplinaire et d&#8217;un encadrement ad\u00e9quat ,est en mesure de satisfaire professionnellement les exigences de la mission.Ce capital humain nous permet par ailleurs de mobiliser ,dans des d\u00e9lais tr\u00e8s courts l&#8217;\u00e9quipe ad\u00e9quate pour rendre un service de tr\u00e8s haute qualit\u00e9.<\/li><\/ol>\n\n\n\n<p><\/p>\n","protected":false},"excerpt":{"rendered":"<p>Pourquoi choisir Cabinet International Consulting Knowledge ? Le cabinet International Consulting Knowledge est un cabinet d&#8217;Expertise Comptable ,membre de l&#8217;Ordre des Experts Comptables de Tunisie.Il est g\u00e9r\u00e9 par M.Ghazi ELLOUZ Expert Comptable. Notre cabinet d&#8217;expertise comptable est focalis\u00e9 sur ses clients et il est reconnu \u00e0 l&#8217;\u00e9chelle nationale pour la qualit\u00e9 des prestations fournies en<\/p>\n<p><a href=\"https:\/\/internationalconsultingknowledge.com\/index.php\/qui-sommes-nous\/\" class=\"more-link\">Read More<\/a><\/p>\n","protected":false},"author":1,"featured_media":0,"parent":0,"menu_order":0,"comment_status":"closed","ping_status":"closed","template":"template\/template-page-full-width.php","meta":{"footnotes":""},"class_list":["post-41","page","type-page","status-publish","hentry"],"_links":{"self":[{"href":"https:\/\/internationalconsultingknowledge.com\/index.php\/wp-json\/wp\/v2\/pages\/41","targetHints":{"allow":["GET"]}}],"collection":[{"href":"https:\/\/internationalconsultingknowledge.com\/index.php\/wp-json\/wp\/v2\/pages"}],"about":[{"href":"https:\/\/internationalconsultingknowledge.com\/index.php\/wp-json\/wp\/v2\/types\/page"}],"author":[{"embeddable":true,"href":"https:\/\/internationalconsultingknowledge.com\/index.php\/wp-json\/wp\/v2\/users\/1"}],"replies":[{"embeddable":true,"href":"https:\/\/internationalconsultingknowledge.com\/index.php\/wp-json\/wp\/v2\/comments?post=41"}],"version-history":[{"count":8,"href":"https:\/\/internationalconsultingknowledge.com\/index.php\/wp-json\/wp\/v2\/pages\/41\/revisions"}],"predecessor-version":[{"id":299,"href":"https:\/\/internationalconsultingknowledge.com\/index.php\/wp-json\/wp\/v2\/pages\/41\/revisions\/299"}],"wp:attachment":[{"href":"https:\/\/internationalconsultingknowledge.com\/index.php\/wp-json\/wp\/v2\/media?parent=41"}],"curies":[{"name":"wp","href":"https:\/\/api.w.org\/{rel}","templated":true}]}}