{"id":19,"date":"2022-02-09T19:57:10","date_gmt":"2022-02-09T19:57:10","guid":{"rendered":"http:\/\/internationalconsultingknowledge.com\/index.php\/about\/"},"modified":"2022-02-21T10:28:39","modified_gmt":"2022-02-21T10:28:39","slug":"about","status":"publish","type":"page","link":"https:\/\/internationalconsultingknowledge.com\/index.php\/about\/","title":{"rendered":"A Propos de nous"},"content":{"rendered":"<div class=\"col-md-6 col-sm-6 col-xs-12\">\n<div class=\"about-img-area wow fadeInDown animated animated animated animated animated\" style=\"visibility: visible; animation-delay: 0.4s; animation-name: fadeInDown;\" data-wow-delay=\"0.4s\"><img loading=\"lazy\" decoding=\"async\" class=\"size-full wp-image-97 alignright\" src=\"http:\/\/internationalconsultingknowledge.com\/wp-content\/uploads\/2022\/02\/Image-2.png\" alt=\"\" width=\"445\" height=\"401\" srcset=\"https:\/\/internationalconsultingknowledge.com\/wp-content\/uploads\/2022\/02\/Image-2.png 445w, https:\/\/internationalconsultingknowledge.com\/wp-content\/uploads\/2022\/02\/Image-2-300x270.png 300w, https:\/\/internationalconsultingknowledge.com\/wp-content\/uploads\/2022\/02\/Image-2-24x22.png 24w, https:\/\/internationalconsultingknowledge.com\/wp-content\/uploads\/2022\/02\/Image-2-36x32.png 36w, https:\/\/internationalconsultingknowledge.com\/wp-content\/uploads\/2022\/02\/Image-2-48x43.png 48w\" sizes=\"auto, (max-width: 445px) 100vw, 445px\" \/><\/div>\n<\/div>\n<div class=\"col-md-6 col-sm-6 col-xs-12 wow fadeInDown animated animated animated animated animated\" style=\"visibility: visible; animation-delay: 0.4s; animation-name: fadeInDown;\" data-wow-delay=\"0.4s\">\n<h2>INTERNATIONAL CONSULTING KNOWLEDGE<\/h2>\n<p><span style=\"color: #000000;\"><strong>International Consulting Knowledge<\/strong><\/span> est un cabinet d&#8217;expertise comptable, \u00e0 dimension humaine situ\u00e9 \u00e0 Tunis.<\/p>\n<p><span style=\"color: #000000;\"><strong>Ghazi ELLOUZ Expert comptable, membre de l&#8217;ordre des experts comptables de Tunisie , <\/strong>il a 21 ans d&#8217;exp\u00e9rience dans le domaine d&#8217;expertise comptable,d&#8217;audit et de consulting.<\/span><\/p>\n<p><strong><span style=\"color: #000000;\">Ghazi ELLOUZ<\/span> <\/strong>est un enseignant universitaire \u00e0 l&#8217;Institut Sup\u00e9rieur de Comptabilit\u00e9 et d&#8217;Administration d&#8217;Entreprise <strong><span style=\"color: #000000;\">depuis l&#8217;ann\u00e9e 2005<\/span>.<\/strong><\/p>\n<p>Il donne des cours de <span style=\"color: #000000;\"><strong>comptabilit\u00e9 sectorielle (secteur bancaire)<\/strong><\/span>, de <span style=\"color: #000000;\"><strong>comptabilit\u00e9 approfondie<\/strong><\/span> et de <strong><span style=\"color: #000000;\">comptabilit\u00e9 internationale (IAS\/IFRS)<\/span><\/strong>.<\/p>\n<\/div>\n\n\n<h2 class=\"wp-block-heading\" id=\"domaines-d-intervention\">Domaines d&#8217;intervention<\/h2>\n\n\n\n<ul class=\"wp-block-list\"><li>Certification et audit financier.<\/li><li>Organization &amp; Business Consulting.<\/li><li>Conseil juridique,social,fiscal et en gestion financi\u00e8re.<\/li><li>Enseignement universitaire \u00e0 l&#8217;I.S.C.A.E (comptabilit\u00e9 approfondie,comptabilit\u00e9 sectorielle).<\/li><li>Consolidation des Comptes.<\/li><li>Due diligence et \u00e9valuation .<\/li><li>Assistance et tenue comptable.<\/li><li>Animation des s\u00e9minaires et formation.<\/li><\/ul>\n","protected":false},"excerpt":{"rendered":"<p>INTERNATIONAL CONSULTING KNOWLEDGE International Consulting Knowledge est un cabinet d&#8217;expertise comptable, \u00e0 dimension humaine situ\u00e9 \u00e0 Tunis. Ghazi ELLOUZ Expert comptable, membre de l&#8217;ordre des experts comptables de Tunisie , il a 21 ans d&#8217;exp\u00e9rience dans le domaine d&#8217;expertise comptable,d&#8217;audit et de consulting. Ghazi ELLOUZ est un enseignant universitaire \u00e0 l&#8217;Institut Sup\u00e9rieur de Comptabilit\u00e9 et<\/p>\n<p><a href=\"https:\/\/internationalconsultingknowledge.com\/index.php\/about\/\" class=\"more-link\">Read More<\/a><\/p>\n","protected":false},"author":1,"featured_media":0,"parent":0,"menu_order":0,"comment_status":"closed","ping_status":"closed","template":"template\/template-page-full-width.php","meta":{"footnotes":""},"class_list":["post-19","page","type-page","status-publish","hentry"],"_links":{"self":[{"href":"https:\/\/internationalconsultingknowledge.com\/index.php\/wp-json\/wp\/v2\/pages\/19","targetHints":{"allow":["GET"]}}],"collection":[{"href":"https:\/\/internationalconsultingknowledge.com\/index.php\/wp-json\/wp\/v2\/pages"}],"about":[{"href":"https:\/\/internationalconsultingknowledge.com\/index.php\/wp-json\/wp\/v2\/types\/page"}],"author":[{"embeddable":true,"href":"https:\/\/internationalconsultingknowledge.com\/index.php\/wp-json\/wp\/v2\/users\/1"}],"replies":[{"embeddable":true,"href":"https:\/\/internationalconsultingknowledge.com\/index.php\/wp-json\/wp\/v2\/comments?post=19"}],"version-history":[{"count":9,"href":"https:\/\/internationalconsultingknowledge.com\/index.php\/wp-json\/wp\/v2\/pages\/19\/revisions"}],"predecessor-version":[{"id":312,"href":"https:\/\/internationalconsultingknowledge.com\/index.php\/wp-json\/wp\/v2\/pages\/19\/revisions\/312"}],"wp:attachment":[{"href":"https:\/\/internationalconsultingknowledge.com\/index.php\/wp-json\/wp\/v2\/media?parent=19"}],"curies":[{"name":"wp","href":"https:\/\/api.w.org\/{rel}","templated":true}]}}